{"id":4310,"date":"2020-08-31T08:37:31","date_gmt":"2020-08-31T07:37:31","guid":{"rendered":"http:\/\/www.asconseil.fr\/bloc\/?page_id=4310"},"modified":"2025-06-24T15:24:46","modified_gmt":"2025-06-24T14:24:46","slug":"compagnie-des-wagons-lits","status":"publish","type":"page","link":"https:\/\/www.asconseil.fr\/bloc\/compagnie-des-wagons-lits\/","title":{"rendered":"Compagnie des Wagons-Lits"},"content":{"rendered":"<div class=\"wp-block-image\">\n<figure class=\"aligncenter\"><img loading=\"lazy\" decoding=\"async\" width=\"378\" height=\"337\" src=\"http:\/\/www.asconseil.fr\/bloc\/wp-content\/uploads\/2020\/08\/compagnie-des-wagons-lits.png\" alt=\"\" class=\"wp-image-4311\"\/><\/figure><\/div>\n\n\n<p class=\"has-medium-font-size\">Une histoire c\u00e9l\u00e8bre<\/p>\n\n\n<div class=\"wp-block-image\">\n<figure class=\"aligncenter\"><img loading=\"lazy\" decoding=\"async\" width=\"841\" height=\"794\" src=\"http:\/\/www.asconseil.fr\/bloc\/wp-content\/uploads\/2020\/08\/photos-compagnie-wagons-lits.png\" alt=\"\" class=\"wp-image-4312\" srcset=\"https:\/\/www.asconseil.fr\/bloc\/wp-content\/uploads\/2020\/08\/photos-compagnie-wagons-lits.png 841w, https:\/\/www.asconseil.fr\/bloc\/wp-content\/uploads\/2020\/08\/photos-compagnie-wagons-lits-620x585.png 620w, https:\/\/www.asconseil.fr\/bloc\/wp-content\/uploads\/2020\/08\/photos-compagnie-wagons-lits-768x725.png 768w\" sizes=\"auto, (max-width: 841px) 100vw, 841px\" \/><\/figure><\/div>\n\n\n<p class=\"has-medium-font-size\">Luxe et confort, une nouvelle fa\u00e7on de voyager<\/p>\n\n\n<div class=\"wp-block-image\">\n<figure class=\"aligncenter\"><img loading=\"lazy\" decoding=\"async\" width=\"940\" height=\"726\" src=\"http:\/\/www.asconseil.fr\/bloc\/wp-content\/uploads\/2020\/08\/photo-2-compagnie-wagons-lits-940x726.png\" alt=\"\" class=\"wp-image-4313\" srcset=\"https:\/\/www.asconseil.fr\/bloc\/wp-content\/uploads\/2020\/08\/photo-2-compagnie-wagons-lits-940x726.png 940w, https:\/\/www.asconseil.fr\/bloc\/wp-content\/uploads\/2020\/08\/photo-2-compagnie-wagons-lits-620x479.png 620w, https:\/\/www.asconseil.fr\/bloc\/wp-content\/uploads\/2020\/08\/photo-2-compagnie-wagons-lits-768x593.png 768w, https:\/\/www.asconseil.fr\/bloc\/wp-content\/uploads\/2020\/08\/photo-2-compagnie-wagons-lits.png 1087w\" sizes=\"auto, (max-width: 940px) 100vw, 940px\" \/><\/figure><\/div>\n\n\n<p class=\"has-medium-font-size\">Une renomm\u00e9e internationale et une forte couverture culturelle<\/p>\n\n\n<div class=\"wp-block-image\">\n<figure class=\"aligncenter\"><img loading=\"lazy\" decoding=\"async\" width=\"940\" height=\"505\" src=\"http:\/\/www.asconseil.fr\/bloc\/wp-content\/uploads\/2020\/08\/photo3-compagnie-des-wagons-lits-940x505.png\" alt=\"\" class=\"wp-image-4314\" srcset=\"https:\/\/www.asconseil.fr\/bloc\/wp-content\/uploads\/2020\/08\/photo3-compagnie-des-wagons-lits-940x505.png 940w, https:\/\/www.asconseil.fr\/bloc\/wp-content\/uploads\/2020\/08\/photo3-compagnie-des-wagons-lits-620x333.png 620w, https:\/\/www.asconseil.fr\/bloc\/wp-content\/uploads\/2020\/08\/photo3-compagnie-des-wagons-lits-768x413.png 768w, https:\/\/www.asconseil.fr\/bloc\/wp-content\/uploads\/2020\/08\/photo3-compagnie-des-wagons-lits.png 1383w\" sizes=\"auto, (max-width: 940px) 100vw, 940px\" \/><\/figure><\/div>\n\n\n<hr class=\"wp-block-separator has-alpha-channel-opacity\"\/>\n\n\n\n<p class=\"has-text-align-center has-large-font-size\"><strong>Nos produits<\/strong><\/p>\n\n\n<style>#jtg-47354 .modula-item .jtg-social a, .lightbox-socials.jtg-social a{ fill: #ffffff; color: #ffffff }#jtg-47354 .modula-item .jtg-social-expandable a, #jtg-47354 .modula-item .jtg-social-expandable-icons a{ fill: #ffffff; color: #ffffff }#jtg-47354 .modula-item .jtg-social svg, .lightbox-socials.jtg-social svg { height: 16px; width: 16px }#jtg-47354 .modula-item .jtg-social-expandable svg { height: 16px; width: 16px }#jtg-47354 .modula-item .jtg-social-expandable-icons svg { height: 16px; width: 16px }#jtg-47354 .modula-item .jtg-social a:not(:last-child), .lightbox-socials.jtg-social a:not(:last-child) { margin-right: 10px }#jtg-47354 .modula-item .jtg-social-expandable-icons { gap: 10px }#jtg-47354 .modula-item .figc {color:#ffffff;}#jtg-47354 .modula-item .figc .jtg-title {  font-size: 24px; }#jtg-47354 .modula-item .modula-item-content { transform: scale(1); }#jtg-47354 { width:100%;}#jtg-47354 .modula-items .figc p.description { font-size:16px; }#jtg-47354 .modula-items .figc p.description { color:#ffffff;}#jtg-47354 .modula-items .figc .jtg-title { color:#ffffff; }#jtg-47354.modula-gallery .modula-item-content .modula-no-follow { cursor: default; } @media screen and (max-width:480px){#jtg-47354 .modula-item .figc .jtg-title {  font-size: 12px; }#jtg-47354 .modula-items .figc p.description { color:#ffffff;font-size:10px; }}#jtg-47354 .modula-items .modula-item:hover img{opacity:1;}<\/style>\n<div  id=\"jtg-47354\" class=\"modula modula-gallery modula-columns\" data-config=\"{&quot;tabletHeight&quot;:800,&quot;mobileHeight&quot;:800,&quot;desktopHeight&quot;:800,&quot;enableTwitter&quot;:false,&quot;enableWhatsapp&quot;:false,&quot;enableFacebook&quot;:false,&quot;enablePinterest&quot;:false,&quot;enableLinkedin&quot;:false,&quot;enableEmail&quot;:false,&quot;randomFactor&quot;:0.5,&quot;type&quot;:&quot;grid&quot;,&quot;columns&quot;:12,&quot;gutter&quot;:10,&quot;mobileGutter&quot;:10,&quot;tabletGutter&quot;:10,&quot;desktopGutter&quot;:10,&quot;enableResponsive&quot;:&quot;0&quot;,&quot;tabletColumns&quot;:2,&quot;mobileColumns&quot;:1,&quot;lazyLoad&quot;:0,&quot;lightboxOpts&quot;:{&quot;animated&quot;:true,&quot;Thumbs&quot;:{&quot;type&quot;:&quot;modern&quot;,&quot;showOnStart&quot;:false},&quot;Toolbar&quot;:{&quot;display&quot;:{&quot;right&quot;:[&quot;close&quot;]},&quot;enabled&quot;:true},&quot;Carousel&quot;:{&quot;Panzoom&quot;:{&quot;touch&quot;:false},&quot;infinite&quot;:false},&quot;keyboard&quot;:{&quot;Escape&quot;:&quot;close&quot;,&quot;Delete&quot;:&quot;close&quot;,&quot;Backspace&quot;:&quot;close&quot;,&quot;PageUp&quot;:false,&quot;PageDown&quot;:false,&quot;ArrowUp&quot;:false,&quot;ArrowDown&quot;:false,&quot;ArrowRight&quot;:false,&quot;ArrowLeft&quot;:false},&quot;touch&quot;:false,&quot;backdropClick&quot;:false,&quot;l10n&quot;:{&quot;CLOSE&quot;:&quot;Close&quot;,&quot;NEXT&quot;:&quot;Next&quot;,&quot;PREV&quot;:&quot;Previous&quot;,&quot;Error&quot;:&quot;The requested content cannot be loaded. Please try again later.&quot;,&quot;PLAY_START&quot;:&quot;Start slideshow&quot;,&quot;PLAY_STOP&quot;:&quot;Pause slideshow&quot;,&quot;FULL_SCREEN&quot;:&quot;Full screen&quot;,&quot;THUMBS&quot;:&quot;Thumbnails&quot;,&quot;DOWNLOAD&quot;:&quot;Download&quot;,&quot;SHARE&quot;:&quot;Share&quot;,&quot;ZOOM&quot;:&quot;Zoom&quot;,&quot;EMAIL&quot;:&quot;Here is the link to the image : %%image_link%% and this is the link to the gallery : %%gallery_link%%&quot;,&quot;MODAL&quot;:&quot;You can close this modal content with the ESC key&quot;,&quot;ERROR&quot;:&quot;Something Went Wrong, Please Try Again Later&quot;,&quot;IMAGE_ERROR&quot;:&quot;Image Not Found&quot;,&quot;ELEMENT_NOT_FOUND&quot;:&quot;HTML Element Not Found&quot;,&quot;AJAX_NOT_FOUND&quot;:&quot;Error Loading AJAX : Not Found&quot;,&quot;AJAX_FORBIDDEN&quot;:&quot;Error Loading AJAX : Forbidden&quot;,&quot;IFRAME_ERROR&quot;:&quot;Error Loading Page&quot;,&quot;TOGGLE_ZOOM&quot;:&quot;Toggle zoom level&quot;,&quot;TOGGLE_THUMBS&quot;:&quot;Toggle thumbnails&quot;,&quot;TOGGLE_SLIDESHOW&quot;:&quot;Toggle slideshow&quot;,&quot;TOGGLE_FULLSCREEN&quot;:&quot;Toggle full-screen mode&quot;},&quot;Images&quot;:{&quot;Panzoom&quot;:{&quot;maxScale&quot;:2}},&quot;mainClass&quot;:&quot;modula-fancybox-container modula-lightbox-jtg-47354&quot;,&quot;Html&quot;:{&quot;videoAutoplay&quot;:0,&quot;videoTpl&quot;:&quot;&lt;video class=\\&quot;fancybox__html5video\\&quot; controls muted playsinline controlsList controlsList=\\&quot;nodownload\\&quot; poster=\\&quot;{{poster}}\\&quot; src=\\&quot;{{src}}\\&quot; type=\\&quot;{{format}}\\&quot; &gt;  Sorry, your browser doesn&#039;t support embedded videos, &lt;a href=\\&quot;{{src}}\\&quot;&gt; download &lt;\\\/a&gt; and watch with your favorite video player! &lt;\\\/video&gt;&quot;}},&quot;inView&quot;:false,&quot;email_subject&quot;:&quot;Check out this awesome image !!&quot;,&quot;email_message&quot;:&quot;Here is the link to the image : %%image_link%% and this is the link to the gallery : %%gallery_link%%&quot;,&quot;grid_type&quot;:&quot;automatic&quot;,&quot;rowHeight&quot;:250,&quot;lastRow&quot;:&quot;center&quot;,&quot;lightbox&quot;:&quot;no-link&quot;}\">\n\n\t\n\t<div  class=\"modula-items grid-gallery\">\n\t\t<div class=\"modula-item\" >\n\t<div class=\"modula-item-content\">\n\t\t\n\t\t\n\t\t<img loading=\"lazy\" decoding=\"async\" class=\"pic wp-image-4335\"  data-valign=\"middle\" data-halign=\"center\" alt=\"\" data-full=\"https:\/\/www.asconseil.fr\/bloc\/wp-content\/uploads\/2020\/08\/19.png\" title=\"19\" width=\"620\" height=\"349\" src=\"https:\/\/www.asconseil.fr\/bloc\/wp-content\/uploads\/2020\/08\/19-620x349.png\" data-src=\"https:\/\/www.asconseil.fr\/bloc\/wp-content\/uploads\/2020\/08\/19-620x349.png\" data-caption=\"\" srcset=\"https:\/\/www.asconseil.fr\/bloc\/wp-content\/uploads\/2020\/08\/19-620x349.png 620w, https:\/\/www.asconseil.fr\/bloc\/wp-content\/uploads\/2020\/08\/19-768x432.png 768w, https:\/\/www.asconseil.fr\/bloc\/wp-content\/uploads\/2020\/08\/19-940x529.png 940w\" sizes=\"auto, (max-width: 620px) 100vw, 620px\" \/>\n\t<\/div>\n\n<\/div><div class=\"modula-item\" >\n\t<div class=\"modula-item-content\">\n\t\t\n\t\t\n\t\t<img loading=\"lazy\" decoding=\"async\" class=\"pic wp-image-4334\"  data-valign=\"middle\" data-halign=\"center\" alt=\"\" data-full=\"https:\/\/www.asconseil.fr\/bloc\/wp-content\/uploads\/2020\/08\/18.png\" title=\"18\" width=\"620\" height=\"349\" src=\"https:\/\/www.asconseil.fr\/bloc\/wp-content\/uploads\/2020\/08\/18-620x349.png\" data-src=\"https:\/\/www.asconseil.fr\/bloc\/wp-content\/uploads\/2020\/08\/18-620x349.png\" data-caption=\"\" srcset=\"https:\/\/www.asconseil.fr\/bloc\/wp-content\/uploads\/2020\/08\/18-620x349.png 620w, https:\/\/www.asconseil.fr\/bloc\/wp-content\/uploads\/2020\/08\/18-768x432.png 768w, https:\/\/www.asconseil.fr\/bloc\/wp-content\/uploads\/2020\/08\/18-940x529.png 940w\" sizes=\"auto, (max-width: 620px) 100vw, 620px\" \/>\n\t<\/div>\n\n<\/div><div class=\"modula-item\" >\n\t<div class=\"modula-item-content\">\n\t\t\n\t\t\n\t\t<img loading=\"lazy\" decoding=\"async\" class=\"pic wp-image-4333\"  data-valign=\"middle\" data-halign=\"center\" alt=\"\" data-full=\"https:\/\/www.asconseil.fr\/bloc\/wp-content\/uploads\/2020\/08\/17.png\" title=\"17\" width=\"620\" height=\"349\" src=\"https:\/\/www.asconseil.fr\/bloc\/wp-content\/uploads\/2020\/08\/17-620x349.png\" data-src=\"https:\/\/www.asconseil.fr\/bloc\/wp-content\/uploads\/2020\/08\/17-620x349.png\" data-caption=\"\" srcset=\"https:\/\/www.asconseil.fr\/bloc\/wp-content\/uploads\/2020\/08\/17-620x349.png 620w, https:\/\/www.asconseil.fr\/bloc\/wp-content\/uploads\/2020\/08\/17-768x432.png 768w, https:\/\/www.asconseil.fr\/bloc\/wp-content\/uploads\/2020\/08\/17-940x529.png 940w\" sizes=\"auto, (max-width: 620px) 100vw, 620px\" \/>\n\t<\/div>\n\n<\/div><div class=\"modula-item\" >\n\t<div class=\"modula-item-content\">\n\t\t\n\t\t\n\t\t<img loading=\"lazy\" decoding=\"async\" class=\"pic wp-image-4332\"  data-valign=\"middle\" data-halign=\"center\" alt=\"\" data-full=\"https:\/\/www.asconseil.fr\/bloc\/wp-content\/uploads\/2020\/08\/16.png\" title=\"16\" width=\"620\" height=\"349\" src=\"https:\/\/www.asconseil.fr\/bloc\/wp-content\/uploads\/2020\/08\/16-620x349.png\" data-src=\"https:\/\/www.asconseil.fr\/bloc\/wp-content\/uploads\/2020\/08\/16-620x349.png\" data-caption=\"\" srcset=\"https:\/\/www.asconseil.fr\/bloc\/wp-content\/uploads\/2020\/08\/16-620x349.png 620w, https:\/\/www.asconseil.fr\/bloc\/wp-content\/uploads\/2020\/08\/16-768x432.png 768w, https:\/\/www.asconseil.fr\/bloc\/wp-content\/uploads\/2020\/08\/16-940x529.png 940w\" sizes=\"auto, (max-width: 620px) 100vw, 620px\" \/>\n\t<\/div>\n\n<\/div><div class=\"modula-item\" >\n\t<div class=\"modula-item-content\">\n\t\t\n\t\t\n\t\t<img loading=\"lazy\" decoding=\"async\" class=\"pic wp-image-4331\"  data-valign=\"middle\" data-halign=\"center\" alt=\"\" data-full=\"https:\/\/www.asconseil.fr\/bloc\/wp-content\/uploads\/2020\/08\/15.png\" title=\"15\" width=\"620\" height=\"349\" src=\"https:\/\/www.asconseil.fr\/bloc\/wp-content\/uploads\/2020\/08\/15-620x349.png\" data-src=\"https:\/\/www.asconseil.fr\/bloc\/wp-content\/uploads\/2020\/08\/15-620x349.png\" data-caption=\"\" srcset=\"https:\/\/www.asconseil.fr\/bloc\/wp-content\/uploads\/2020\/08\/15-620x349.png 620w, https:\/\/www.asconseil.fr\/bloc\/wp-content\/uploads\/2020\/08\/15-768x432.png 768w, https:\/\/www.asconseil.fr\/bloc\/wp-content\/uploads\/2020\/08\/15-940x529.png 940w\" sizes=\"auto, (max-width: 620px) 100vw, 620px\" \/>\n\t<\/div>\n\n<\/div><div class=\"modula-item\" >\n\t<div class=\"modula-item-content\">\n\t\t\n\t\t\n\t\t<img loading=\"lazy\" decoding=\"async\" class=\"pic wp-image-4330\"  data-valign=\"middle\" data-halign=\"center\" alt=\"\" data-full=\"https:\/\/www.asconseil.fr\/bloc\/wp-content\/uploads\/2020\/08\/14.png\" title=\"14\" width=\"620\" height=\"349\" src=\"https:\/\/www.asconseil.fr\/bloc\/wp-content\/uploads\/2020\/08\/14-620x349.png\" data-src=\"https:\/\/www.asconseil.fr\/bloc\/wp-content\/uploads\/2020\/08\/14-620x349.png\" data-caption=\"\" srcset=\"https:\/\/www.asconseil.fr\/bloc\/wp-content\/uploads\/2020\/08\/14-620x349.png 620w, https:\/\/www.asconseil.fr\/bloc\/wp-content\/uploads\/2020\/08\/14-768x432.png 768w, https:\/\/www.asconseil.fr\/bloc\/wp-content\/uploads\/2020\/08\/14-940x529.png 940w\" sizes=\"auto, (max-width: 620px) 100vw, 620px\" \/>\n\t<\/div>\n\n<\/div><div class=\"modula-item\" >\n\t<div class=\"modula-item-content\">\n\t\t\n\t\t\n\t\t<img loading=\"lazy\" decoding=\"async\" class=\"pic wp-image-4329\"  data-valign=\"middle\" data-halign=\"center\" alt=\"\" data-full=\"https:\/\/www.asconseil.fr\/bloc\/wp-content\/uploads\/2020\/08\/13.png\" title=\"13\" width=\"620\" height=\"349\" src=\"https:\/\/www.asconseil.fr\/bloc\/wp-content\/uploads\/2020\/08\/13-620x349.png\" data-src=\"https:\/\/www.asconseil.fr\/bloc\/wp-content\/uploads\/2020\/08\/13-620x349.png\" data-caption=\"\" srcset=\"https:\/\/www.asconseil.fr\/bloc\/wp-content\/uploads\/2020\/08\/13-620x349.png 620w, https:\/\/www.asconseil.fr\/bloc\/wp-content\/uploads\/2020\/08\/13-768x432.png 768w, https:\/\/www.asconseil.fr\/bloc\/wp-content\/uploads\/2020\/08\/13-940x529.png 940w\" sizes=\"auto, (max-width: 620px) 100vw, 620px\" \/>\n\t<\/div>\n\n<\/div><div class=\"modula-item\" >\n\t<div class=\"modula-item-content\">\n\t\t\n\t\t\n\t\t<img loading=\"lazy\" decoding=\"async\" class=\"pic wp-image-4328\"  data-valign=\"middle\" data-halign=\"center\" alt=\"\" data-full=\"https:\/\/www.asconseil.fr\/bloc\/wp-content\/uploads\/2020\/08\/12.png\" title=\"12\" width=\"620\" height=\"349\" src=\"https:\/\/www.asconseil.fr\/bloc\/wp-content\/uploads\/2020\/08\/12-620x349.png\" data-src=\"https:\/\/www.asconseil.fr\/bloc\/wp-content\/uploads\/2020\/08\/12-620x349.png\" data-caption=\"\" srcset=\"https:\/\/www.asconseil.fr\/bloc\/wp-content\/uploads\/2020\/08\/12-620x349.png 620w, https:\/\/www.asconseil.fr\/bloc\/wp-content\/uploads\/2020\/08\/12-768x432.png 768w, https:\/\/www.asconseil.fr\/bloc\/wp-content\/uploads\/2020\/08\/12-940x529.png 940w\" sizes=\"auto, (max-width: 620px) 100vw, 620px\" \/>\n\t<\/div>\n\n<\/div><div class=\"modula-item\" >\n\t<div class=\"modula-item-content\">\n\t\t\n\t\t\n\t\t<img loading=\"lazy\" decoding=\"async\" class=\"pic wp-image-4327\"  data-valign=\"middle\" data-halign=\"center\" alt=\"\" data-full=\"https:\/\/www.asconseil.fr\/bloc\/wp-content\/uploads\/2020\/08\/11.png\" title=\"11\" width=\"620\" height=\"349\" src=\"https:\/\/www.asconseil.fr\/bloc\/wp-content\/uploads\/2020\/08\/11-620x349.png\" data-src=\"https:\/\/www.asconseil.fr\/bloc\/wp-content\/uploads\/2020\/08\/11-620x349.png\" data-caption=\"\" srcset=\"https:\/\/www.asconseil.fr\/bloc\/wp-content\/uploads\/2020\/08\/11-620x349.png 620w, https:\/\/www.asconseil.fr\/bloc\/wp-content\/uploads\/2020\/08\/11-768x432.png 768w, https:\/\/www.asconseil.fr\/bloc\/wp-content\/uploads\/2020\/08\/11-940x529.png 940w\" sizes=\"auto, (max-width: 620px) 100vw, 620px\" \/>\n\t<\/div>\n\n<\/div><div class=\"modula-item\" >\n\t<div class=\"modula-item-content\">\n\t\t\n\t\t\n\t\t<img loading=\"lazy\" decoding=\"async\" class=\"pic wp-image-4326\"  data-valign=\"middle\" data-halign=\"center\" alt=\"\" data-full=\"https:\/\/www.asconseil.fr\/bloc\/wp-content\/uploads\/2020\/08\/10.png\" title=\"10\" width=\"620\" height=\"349\" src=\"https:\/\/www.asconseil.fr\/bloc\/wp-content\/uploads\/2020\/08\/10-620x349.png\" data-src=\"https:\/\/www.asconseil.fr\/bloc\/wp-content\/uploads\/2020\/08\/10-620x349.png\" data-caption=\"\" srcset=\"https:\/\/www.asconseil.fr\/bloc\/wp-content\/uploads\/2020\/08\/10-620x349.png 620w, https:\/\/www.asconseil.fr\/bloc\/wp-content\/uploads\/2020\/08\/10-768x432.png 768w, https:\/\/www.asconseil.fr\/bloc\/wp-content\/uploads\/2020\/08\/10-940x529.png 940w\" sizes=\"auto, (max-width: 620px) 100vw, 620px\" \/>\n\t<\/div>\n\n<\/div><div class=\"modula-item\" >\n\t<div class=\"modula-item-content\">\n\t\t\n\t\t\n\t\t<img loading=\"lazy\" decoding=\"async\" class=\"pic wp-image-4325\"  data-valign=\"middle\" data-halign=\"center\" alt=\"\" data-full=\"https:\/\/www.asconseil.fr\/bloc\/wp-content\/uploads\/2020\/08\/9.png\" title=\"9\" width=\"620\" height=\"349\" src=\"https:\/\/www.asconseil.fr\/bloc\/wp-content\/uploads\/2020\/08\/9-620x349.png\" data-src=\"https:\/\/www.asconseil.fr\/bloc\/wp-content\/uploads\/2020\/08\/9-620x349.png\" data-caption=\"\" srcset=\"https:\/\/www.asconseil.fr\/bloc\/wp-content\/uploads\/2020\/08\/9-620x349.png 620w, https:\/\/www.asconseil.fr\/bloc\/wp-content\/uploads\/2020\/08\/9-768x432.png 768w, https:\/\/www.asconseil.fr\/bloc\/wp-content\/uploads\/2020\/08\/9-940x529.png 940w\" sizes=\"auto, (max-width: 620px) 100vw, 620px\" \/>\n\t<\/div>\n\n<\/div><div class=\"modula-item\" >\n\t<div class=\"modula-item-content\">\n\t\t\n\t\t\n\t\t<img loading=\"lazy\" decoding=\"async\" class=\"pic wp-image-4324\"  data-valign=\"middle\" data-halign=\"center\" alt=\"\" data-full=\"https:\/\/www.asconseil.fr\/bloc\/wp-content\/uploads\/2020\/08\/8.png\" title=\"8\" width=\"620\" height=\"349\" src=\"https:\/\/www.asconseil.fr\/bloc\/wp-content\/uploads\/2020\/08\/8-620x349.png\" data-src=\"https:\/\/www.asconseil.fr\/bloc\/wp-content\/uploads\/2020\/08\/8-620x349.png\" data-caption=\"\" srcset=\"https:\/\/www.asconseil.fr\/bloc\/wp-content\/uploads\/2020\/08\/8-620x349.png 620w, https:\/\/www.asconseil.fr\/bloc\/wp-content\/uploads\/2020\/08\/8-768x432.png 768w, https:\/\/www.asconseil.fr\/bloc\/wp-content\/uploads\/2020\/08\/8-940x529.png 940w\" sizes=\"auto, (max-width: 620px) 100vw, 620px\" \/>\n\t<\/div>\n\n<\/div><div class=\"modula-item\" >\n\t<div class=\"modula-item-content\">\n\t\t\n\t\t\n\t\t<img loading=\"lazy\" decoding=\"async\" class=\"pic wp-image-4323\"  data-valign=\"middle\" data-halign=\"center\" alt=\"\" data-full=\"https:\/\/www.asconseil.fr\/bloc\/wp-content\/uploads\/2020\/08\/7.png\" title=\"7\" width=\"620\" height=\"349\" src=\"https:\/\/www.asconseil.fr\/bloc\/wp-content\/uploads\/2020\/08\/7-620x349.png\" data-src=\"https:\/\/www.asconseil.fr\/bloc\/wp-content\/uploads\/2020\/08\/7-620x349.png\" data-caption=\"\" srcset=\"https:\/\/www.asconseil.fr\/bloc\/wp-content\/uploads\/2020\/08\/7-620x349.png 620w, https:\/\/www.asconseil.fr\/bloc\/wp-content\/uploads\/2020\/08\/7-768x432.png 768w, https:\/\/www.asconseil.fr\/bloc\/wp-content\/uploads\/2020\/08\/7-940x529.png 940w\" sizes=\"auto, (max-width: 620px) 100vw, 620px\" \/>\n\t<\/div>\n\n<\/div><div class=\"modula-item\" >\n\t<div class=\"modula-item-content\">\n\t\t\n\t\t\n\t\t<img loading=\"lazy\" decoding=\"async\" class=\"pic wp-image-4322\"  data-valign=\"middle\" data-halign=\"center\" alt=\"\" data-full=\"https:\/\/www.asconseil.fr\/bloc\/wp-content\/uploads\/2020\/08\/6.png\" title=\"6\" width=\"620\" height=\"349\" src=\"https:\/\/www.asconseil.fr\/bloc\/wp-content\/uploads\/2020\/08\/6-620x349.png\" data-src=\"https:\/\/www.asconseil.fr\/bloc\/wp-content\/uploads\/2020\/08\/6-620x349.png\" data-caption=\"\" srcset=\"https:\/\/www.asconseil.fr\/bloc\/wp-content\/uploads\/2020\/08\/6-620x349.png 620w, https:\/\/www.asconseil.fr\/bloc\/wp-content\/uploads\/2020\/08\/6-768x432.png 768w, https:\/\/www.asconseil.fr\/bloc\/wp-content\/uploads\/2020\/08\/6-940x529.png 940w\" sizes=\"auto, (max-width: 620px) 100vw, 620px\" \/>\n\t<\/div>\n\n<\/div><div class=\"modula-item\" >\n\t<div class=\"modula-item-content\">\n\t\t\n\t\t\n\t\t<img loading=\"lazy\" decoding=\"async\" class=\"pic wp-image-4321\"  data-valign=\"middle\" data-halign=\"center\" alt=\"\" data-full=\"https:\/\/www.asconseil.fr\/bloc\/wp-content\/uploads\/2020\/08\/5.png\" title=\"5\" width=\"620\" height=\"349\" src=\"https:\/\/www.asconseil.fr\/bloc\/wp-content\/uploads\/2020\/08\/5-620x349.png\" data-src=\"https:\/\/www.asconseil.fr\/bloc\/wp-content\/uploads\/2020\/08\/5-620x349.png\" data-caption=\"\" srcset=\"https:\/\/www.asconseil.fr\/bloc\/wp-content\/uploads\/2020\/08\/5-620x349.png 620w, https:\/\/www.asconseil.fr\/bloc\/wp-content\/uploads\/2020\/08\/5-768x432.png 768w, https:\/\/www.asconseil.fr\/bloc\/wp-content\/uploads\/2020\/08\/5-940x529.png 940w\" sizes=\"auto, (max-width: 620px) 100vw, 620px\" \/>\n\t<\/div>\n\n<\/div>\t\t\n\t<\/div>\n\n\t\n\t\n\t<script type=\"application\/ld+json\">\n\t{\n\t\t\"@context\": \"http:\/\/schema.org\",\n\t\t\"@type\"   : \"ImageGallery\",\n\t\t\"id\"      : \"https:\/\/www.asconseil.fr\/bloc\/compagnie-des-wagons-lits\/\",\n\t\t\"url\"     : \"https:\/\/www.asconseil.fr\/bloc\/compagnie-des-wagons-lits\/\"\n\t}\n\n\t<\/script>\n\n\t\n<\/div>\n\n","protected":false},"excerpt":{"rendered":"<p>Une histoire c\u00e9l\u00e8bre Luxe et confort, une nouvelle fa\u00e7on de voyager Une renomm\u00e9e internationale et une forte couverture culturelle Nos produits<\/p>\n","protected":false},"author":1,"featured_media":0,"parent":0,"menu_order":0,"comment_status":"closed","ping_status":"closed","template":"","meta":{"footnotes":""},"class_list":["post-4310","page","type-page","status-publish","hentry"],"_links":{"self":[{"href":"https:\/\/www.asconseil.fr\/bloc\/wp-json\/wp\/v2\/pages\/4310","targetHints":{"allow":["GET"]}}],"collection":[{"href":"https:\/\/www.asconseil.fr\/bloc\/wp-json\/wp\/v2\/pages"}],"about":[{"href":"https:\/\/www.asconseil.fr\/bloc\/wp-json\/wp\/v2\/types\/page"}],"author":[{"embeddable":true,"href":"https:\/\/www.asconseil.fr\/bloc\/wp-json\/wp\/v2\/users\/1"}],"replies":[{"embeddable":true,"href":"https:\/\/www.asconseil.fr\/bloc\/wp-json\/wp\/v2\/comments?post=4310"}],"version-history":[{"count":5,"href":"https:\/\/www.asconseil.fr\/bloc\/wp-json\/wp\/v2\/pages\/4310\/revisions"}],"predecessor-version":[{"id":47391,"href":"https:\/\/www.asconseil.fr\/bloc\/wp-json\/wp\/v2\/pages\/4310\/revisions\/47391"}],"wp:attachment":[{"href":"https:\/\/www.asconseil.fr\/bloc\/wp-json\/wp\/v2\/media?parent=4310"}],"curies":[{"name":"wp","href":"https:\/\/api.w.org\/{rel}","templated":true}]}}