{"id":2809,"date":"2017-03-01T15:51:03","date_gmt":"2017-03-01T14:51:03","guid":{"rendered":"http:\/\/www.asconseil.fr\/bloc\/?page_id=2809"},"modified":"2025-08-06T10:53:56","modified_gmt":"2025-08-06T08:53:56","slug":"sur-mesure","status":"publish","type":"page","link":"https:\/\/www.asconseil.fr\/bloc\/sur-mesure\/","title":{"rendered":"SUR-MESURE"},"content":{"rendered":"<h3>\u00a0<\/h3>\n<h4 class=\"p1\" style=\"text-align: center;\">AS Conseil, l\u2019expert qui saura vous accompagner pour votre production de la cr\u00e9ation \u00e0 la livraison.<\/h4>\n<h4 class=\"p1\" style=\"text-align: center;\">Sp\u00e9cialistes de la fabrication sur mesure\u00a0 depuis 1994, nous sommes l\u00e0 pour vous conseiller\u00a0dans votre projet.<\/h4>\n<h4 class=\"p1\" style=\"text-align: center;\">Nous sommes pr\u00e9sent en Asie et en Europe depuis 30 ans, nos partenaires et nos \u00e9quipes ont la solution \u00e0 vos probl\u00e8mes de fabrication.<\/h4>\n<h4 class=\"p1\" style=\"text-align: center;\">C\u2019est \u00e0 vous, dites-nous tout\u2026<\/h4>\n<p style=\"text-align: center;\"><img loading=\"lazy\" decoding=\"async\" class=\"wp-image-2933 aligncenter\" src=\"http:\/\/www.asconseil.fr\/bloc\/wp-content\/uploads\/2017\/03\/schema-1-871x800.jpg\" alt=\"\" width=\"454\" height=\"417\" srcset=\"https:\/\/www.asconseil.fr\/bloc\/wp-content\/uploads\/2017\/03\/schema-1-871x800.jpg 871w, https:\/\/www.asconseil.fr\/bloc\/wp-content\/uploads\/2017\/03\/schema-1-620x570.jpg 620w, https:\/\/www.asconseil.fr\/bloc\/wp-content\/uploads\/2017\/03\/schema-1-768x706.jpg 768w\" sizes=\"auto, (max-width: 454px) 100vw, 454px\" \/><\/p>\n\n\n<p style=\"text-align: center;\">\n  <a href=\"https:\/\/www.asconseil.fr\/bloc\/sac\/\" class=\"bouton\">UN SAC SUR MESURE<\/a>\n  <a href=\"https:\/\/www.asconseil.fr\/bloc\/montre\/\" class=\"bouton\">UNE MONTRE SUR MESURE<\/a>\n<\/p>\n","protected":false},"excerpt":{"rendered":"<p>\u00a0 AS Conseil, l\u2019expert qui saura vous accompagner pour votre production de la cr\u00e9ation \u00e0 la livraison. Sp\u00e9cialistes de la fabrication sur mesure\u00a0 depuis 1994, nous sommes l\u00e0 pour vous conseiller\u00a0dans votre projet. Nous sommes pr\u00e9sent en Asie et en Europe depuis 30 ans, nos partenaires et nos \u00e9quipes ont la solution \u00e0 vos probl\u00e8mes de fabrication. C\u2019est \u00e0 vous, dites-nous tout\u2026 UN SAC SUR MESURE UNE MONTRE SUR MESURE<\/p>\n","protected":false},"author":1,"featured_media":0,"parent":0,"menu_order":0,"comment_status":"closed","ping_status":"closed","template":"","meta":{"footnotes":""},"class_list":["post-2809","page","type-page","status-publish","hentry"],"_links":{"self":[{"href":"https:\/\/www.asconseil.fr\/bloc\/wp-json\/wp\/v2\/pages\/2809","targetHints":{"allow":["GET"]}}],"collection":[{"href":"https:\/\/www.asconseil.fr\/bloc\/wp-json\/wp\/v2\/pages"}],"about":[{"href":"https:\/\/www.asconseil.fr\/bloc\/wp-json\/wp\/v2\/types\/page"}],"author":[{"embeddable":true,"href":"https:\/\/www.asconseil.fr\/bloc\/wp-json\/wp\/v2\/users\/1"}],"replies":[{"embeddable":true,"href":"https:\/\/www.asconseil.fr\/bloc\/wp-json\/wp\/v2\/comments?post=2809"}],"version-history":[{"count":83,"href":"https:\/\/www.asconseil.fr\/bloc\/wp-json\/wp\/v2\/pages\/2809\/revisions"}],"predecessor-version":[{"id":48389,"href":"https:\/\/www.asconseil.fr\/bloc\/wp-json\/wp\/v2\/pages\/2809\/revisions\/48389"}],"wp:attachment":[{"href":"https:\/\/www.asconseil.fr\/bloc\/wp-json\/wp\/v2\/media?parent=2809"}],"curies":[{"name":"wp","href":"https:\/\/api.w.org\/{rel}","templated":true}]}}