{"id":2511,"date":"2017-01-25T15:05:34","date_gmt":"2017-01-25T14:05:34","guid":{"rendered":"http:\/\/www.asconseil.fr\/bloc\/?page_id=2511"},"modified":"2025-07-18T11:05:42","modified_gmt":"2025-07-18T09:05:42","slug":"vuillemin-regnier","status":"publish","type":"page","link":"https:\/\/www.asconseil.fr\/bloc\/vuillemin-regnier\/","title":{"rendered":"Vuillemin R\u00e9gnier"},"content":{"rendered":"<div class=\"wp-block-image is-resized\">\n<figure class=\"aligncenter\"><img loading=\"lazy\" decoding=\"async\" width=\"1200\" height=\"674\" src=\"https:\/\/www.asconseil.fr\/bloc\/wp-content\/uploads\/2025\/06\/VUILLEMIN-REGNIER-LOGO-edited.png\" alt=\"\" class=\"wp-image-47381\" style=\"width:534px;height:auto\" srcset=\"https:\/\/www.asconseil.fr\/bloc\/wp-content\/uploads\/2025\/06\/VUILLEMIN-REGNIER-LOGO-edited.png 1200w, https:\/\/www.asconseil.fr\/bloc\/wp-content\/uploads\/2025\/06\/VUILLEMIN-REGNIER-LOGO-edited-620x348.png 620w, https:\/\/www.asconseil.fr\/bloc\/wp-content\/uploads\/2025\/06\/VUILLEMIN-REGNIER-LOGO-edited-940x528.png 940w, https:\/\/www.asconseil.fr\/bloc\/wp-content\/uploads\/2025\/06\/VUILLEMIN-REGNIER-LOGO-edited-768x431.png 768w\" sizes=\"auto, (max-width: 1200px) 100vw, 1200px\" \/><\/figure><\/div>\n\n\n<p class=\"has-text-align-center has-medium-font-size\">C\u2019est en 1920 que commence l\u2019histoire de cette manufacture de montres, au c\u0153ur des montagnes du Jura et \u00e0 quelques kilom\u00e8tres de la fronti\u00e8re Suisse, berceau de la tradition horlog\u00e8re fran\u00e7aise. Tr\u00e8s vite, la soci\u00e9t\u00e9 Vuillemin Regnier se sp\u00e9cialise dans la fabrication et l\u2019assemblage des montres \u00e0 mouvements m\u00e9caniques.<br> Le d\u00e9veloppement des \u00e9chappements \u00e0 cylindre, \u00e9l\u00e9ments de haute technicit\u00e9, permet d\u2019aller toujours plus loin dans la miniaturisation des m\u00e9canismes, alliant ainsi finesse de la ligne et puret\u00e9 du geste.<\/p>\n\n\n<div class=\"wp-block-image\">\n<figure class=\"aligncenter\"><img loading=\"lazy\" decoding=\"async\" width=\"506\" height=\"167\" src=\"http:\/\/www.asconseil.fr\/bloc\/wp-content\/uploads\/2020\/07\/hist1.png\" alt=\"\" class=\"wp-image-4171\"\/><\/figure><\/div>\n\n\n<p class=\"has-text-align-center has-medium-font-size\"><br> Gr\u00e2ce \u00e0 ce savoir-faire, la manufacture dessine, assemble et fabrique une collection de 25 mod\u00e8les \u00abPrestige\u00bb. Chacune de ces montres, de conception et fabrication purement fran\u00e7aises, b\u00e9n\u00e9ficie d\u2019une incroyable autonomie de marche de 45 heures. Parall\u00e8lement, de nombreuses grandes marques horlog\u00e8res font appel aux services de Vuillemin Regnier pour le montage de mouvements sp\u00e9ciaux ( 3 1\/2 FHF, 6\u00bb ETA, etc\u2026) et mouvements \u00e0 complications, tant pour les technologies m\u00e9caniques que pour les technologies \u00e0 quartz. Les quatre g\u00e9n\u00e9rations de Vuillemin Regnier qui se sont succ\u00e9d\u00e9es \u00e0 la t\u00eate de l\u2019entreprise ont su adapter les innovations technologiques aux \u00e9volutions du march\u00e9. Aujourd\u2019hui encore, les montres Vuillemin Regnier sont synonymes de design et de fiabilit\u00e9. Elles sont vendues sur tous les continents et demeurent une r\u00e9f\u00e9rence dans le travail des mat\u00e9riaux pr\u00e9cieux et des diamants.<\/p>\n\n\n<div class=\"wp-block-image\">\n<figure class=\"aligncenter\"><img loading=\"lazy\" decoding=\"async\" width=\"690\" height=\"330\" src=\"http:\/\/www.asconseil.fr\/bloc\/wp-content\/uploads\/2020\/07\/tullioabbatem.jpg\" alt=\"\" class=\"wp-image-4176\" srcset=\"https:\/\/www.asconseil.fr\/bloc\/wp-content\/uploads\/2020\/07\/tullioabbatem.jpg 690w, https:\/\/www.asconseil.fr\/bloc\/wp-content\/uploads\/2020\/07\/tullioabbatem-620x297.jpg 620w\" sizes=\"auto, (max-width: 690px) 100vw, 690px\" \/><\/figure><\/div>\n\n\n<p class=\"has-text-align-center\" style=\"font-size:28px\"><a href=\"http:\/\/www.vuilleminregnier.fr\/\" target=\"_blank\" rel=\"noreferrer noopener\" aria-label=\" (s\u2019ouvre dans un nouvel onglet)\">www.vuilleminregnier.fr<\/a><\/p>\n","protected":false},"excerpt":{"rendered":"<p>C\u2019est en 1920 que commence l\u2019histoire de cette manufacture de montres, au c\u0153ur des montagnes du Jura et \u00e0 quelques kilom\u00e8tres de la fronti\u00e8re Suisse, berceau de la tradition horlog\u00e8re fran\u00e7aise. Tr\u00e8s vite, la soci\u00e9t\u00e9 Vuillemin Regnier se sp\u00e9cialise dans la fabrication et l\u2019assemblage des montres \u00e0 mouvements m\u00e9caniques. Le d\u00e9veloppement des \u00e9chappements \u00e0 cylindre, \u00e9l\u00e9ments de haute technicit\u00e9, permet d\u2019aller toujours plus loin dans la miniaturisation des m\u00e9canismes, alliant ainsi finesse de la ligne et puret\u00e9 du geste. Gr\u00e2ce&hellip;<\/p>\n","protected":false},"author":1,"featured_media":0,"parent":0,"menu_order":0,"comment_status":"closed","ping_status":"closed","template":"","meta":{"footnotes":""},"class_list":["post-2511","page","type-page","status-publish","hentry"],"_links":{"self":[{"href":"https:\/\/www.asconseil.fr\/bloc\/wp-json\/wp\/v2\/pages\/2511","targetHints":{"allow":["GET"]}}],"collection":[{"href":"https:\/\/www.asconseil.fr\/bloc\/wp-json\/wp\/v2\/pages"}],"about":[{"href":"https:\/\/www.asconseil.fr\/bloc\/wp-json\/wp\/v2\/types\/page"}],"author":[{"embeddable":true,"href":"https:\/\/www.asconseil.fr\/bloc\/wp-json\/wp\/v2\/users\/1"}],"replies":[{"embeddable":true,"href":"https:\/\/www.asconseil.fr\/bloc\/wp-json\/wp\/v2\/comments?post=2511"}],"version-history":[{"count":18,"href":"https:\/\/www.asconseil.fr\/bloc\/wp-json\/wp\/v2\/pages\/2511\/revisions"}],"predecessor-version":[{"id":48022,"href":"https:\/\/www.asconseil.fr\/bloc\/wp-json\/wp\/v2\/pages\/2511\/revisions\/48022"}],"wp:attachment":[{"href":"https:\/\/www.asconseil.fr\/bloc\/wp-json\/wp\/v2\/media?parent=2511"}],"curies":[{"name":"wp","href":"https:\/\/api.w.org\/{rel}","templated":true}]}}